{"id":256,"date":"2024-02-09T05:11:46","date_gmt":"2024-02-09T04:11:46","guid":{"rendered":"https:\/\/rs-technic.eu\/?page_id=256"},"modified":"2024-02-16T10:55:14","modified_gmt":"2024-02-16T09:55:14","slug":"home","status":"publish","type":"page","link":"https:\/\/rs-technic.eu\/de\/","title":{"rendered":"Home"},"content":{"rendered":"<p><div class=\"fusion-fullwidth fullwidth-box fusion-builder-row-1 fusion-flex-container has-pattern-background has-mask-background nonhundred-percent-fullwidth non-hundred-percent-height-scrolling\" style=\"--awb-border-radius-top-left:0px;--awb-border-radius-top-right:0px;--awb-border-radius-bottom-right:0px;--awb-border-radius-bottom-left:0px;--awb-flex-wrap:wrap;\" ><div class=\"fusion-builder-row fusion-row fusion-flex-align-items-flex-start fusion-flex-content-wrap\" style=\"max-width:1248px;margin-left: calc(-4% \/ 2 );margin-right: calc(-4% \/ 2 );\"><div class=\"fusion-layout-column fusion_builder_column fusion-builder-column-0 fusion_builder_column_1_1 1_1 fusion-flex-column\" style=\"--awb-bg-color:#000000;--awb-bg-color-hover:#000000;--awb-bg-size:cover;--awb-width-large:100%;--awb-margin-top-large:0px;--awb-spacing-right-large:1.92%;--awb-margin-bottom-large:20px;--awb-spacing-left-large:1.92%;--awb-width-medium:100%;--awb-order-medium:0;--awb-spacing-right-medium:1.92%;--awb-spacing-left-medium:1.92%;--awb-width-small:100%;--awb-order-small:0;--awb-spacing-right-small:1.92%;--awb-spacing-left-small:1.92%;\" data-motion-effects=\"[{&quot;type&quot;:&quot;&quot;,&quot;scroll_type&quot;:&quot;transition&quot;,&quot;scroll_direction&quot;:&quot;up&quot;,&quot;transition_speed&quot;:&quot;1&quot;,&quot;fade_type&quot;:&quot;in&quot;,&quot;scale_type&quot;:&quot;up&quot;,&quot;initial_scale&quot;:&quot;1&quot;,&quot;max_scale&quot;:&quot;1.5&quot;,&quot;min_scale&quot;:&quot;0.5&quot;,&quot;initial_rotate&quot;:&quot;0&quot;,&quot;end_rotate&quot;:&quot;30&quot;,&quot;initial_blur&quot;:&quot;0&quot;,&quot;end_blur&quot;:&quot;3&quot;,&quot;start_element&quot;:&quot;top&quot;,&quot;start_viewport&quot;:&quot;bottom&quot;,&quot;end_element&quot;:&quot;bottom&quot;,&quot;end_viewport&quot;:&quot;top&quot;,&quot;mouse_effect&quot;:&quot;track&quot;,&quot;mouse_effect_direction&quot;:&quot;opposite&quot;,&quot;mouse_effect_speed&quot;:&quot;2&quot;,&quot;infinite_animation&quot;:&quot;float&quot;,&quot;infinite_animation_speed&quot;:&quot;2&quot;}]\" data-scroll-devices=\"small-visibility,medium-visibility,large-visibility\"><div class=\"fusion-column-wrapper fusion-column-has-shadow fusion-flex-justify-content-flex-start fusion-content-layout-column\"><div class=\"fusion-separator fusion-full-width-sep\" style=\"align-self: center;margin-left: auto;margin-right: auto;width:100%;\"><div class=\"fusion-separator-border sep-single sep-solid\" style=\"--awb-height:20px;--awb-amount:20px;--awb-sep-color:#c42530;border-color:#c42530;border-top-width:1px;\"><\/div><\/div><div class=\"fusion-text fusion-text-1\"><h5 style=\"text-align: center;\"><span style=\"color: #ffffff;\">Qualit\u00e4tsarbeit steht bei uns an erster Stelle, darauf k\u00f6nnen Sie sich verlassen.<\/span><\/h5>\n<\/div><div class=\"fusion-separator fusion-full-width-sep\" style=\"align-self: center;margin-left: auto;margin-right: auto;width:100%;\"><div class=\"fusion-separator-border sep-single sep-solid\" style=\"--awb-height:20px;--awb-amount:20px;--awb-sep-color:#c42530;border-color:#c42530;border-top-width:1px;\"><\/div><\/div><\/div><\/div><\/div><\/div><div class=\"fusion-fullwidth fullwidth-box fusion-builder-row-2 fusion-flex-container has-pattern-background has-mask-background nonhundred-percent-fullwidth non-hundred-percent-height-scrolling\" style=\"--awb-border-radius-top-left:0px;--awb-border-radius-top-right:0px;--awb-border-radius-bottom-right:0px;--awb-border-radius-bottom-left:0px;--awb-flex-wrap:wrap;\" ><div class=\"fusion-builder-row fusion-row fusion-flex-align-items-flex-start fusion-flex-content-wrap\" style=\"max-width:1248px;margin-left: calc(-4% \/ 2 );margin-right: calc(-4% \/ 2 );\"><div class=\"fusion-layout-column fusion_builder_column fusion-builder-column-1 fusion_builder_column_1_2 1_2 fusion-flex-column\" style=\"--awb-bg-size:cover;--awb-width-large:50%;--awb-margin-top-large:0px;--awb-spacing-right-large:3.84%;--awb-margin-bottom-large:20px;--awb-spacing-left-large:3.84%;--awb-width-medium:50%;--awb-order-medium:0;--awb-spacing-right-medium:3.84%;--awb-spacing-left-medium:3.84%;--awb-width-small:100%;--awb-order-small:0;--awb-spacing-right-small:1.92%;--awb-spacing-left-small:1.92%;\"><div class=\"fusion-column-wrapper fusion-column-has-shadow fusion-flex-justify-content-flex-start fusion-content-layout-column\"><div class=\"fusion-text fusion-text-2\"><p style=\"text-align: left;\"><span style=\"color: #ffffff;\"><strong>Unser Unternehmen RS-technic ist im Bereich mechanischer und elektrischer Baugruppen in der Industrie t\u00e4tig.<\/strong><\/span><\/p>\n<p style=\"text-align: left;\"><span style=\"color: #ffffff;\">Wir bieten unseren Kunden komplexe Dienstleistungen im Bereich Maschinenbau an. Wir stehen Ihnen 7 Tage die Woche zur Verf\u00fcgung, wir wissen, dass Flexibilit\u00e4t bei Projekten wichtig ist.<\/span><\/p>\n<p style=\"text-align: left;\"><span style=\"color: #ffffff;\">Wir legen Wert auf Qualit\u00e4t und langfristige Beziehungen zu unseren Kunden. Wir sind bei verschiedenen Projekten zu einem wichtigen Partner geworden, auf den wir stolz sind.<\/span><\/p>\n<\/div><\/div><\/div><div class=\"fusion-layout-column fusion_builder_column fusion-builder-column-2 fusion_builder_column_1_2 1_2 fusion-flex-column\" style=\"--awb-bg-size:cover;--awb-width-large:50%;--awb-margin-top-large:0px;--awb-spacing-right-large:3.84%;--awb-margin-bottom-large:20px;--awb-spacing-left-large:3.84%;--awb-width-medium:50%;--awb-order-medium:0;--awb-spacing-right-medium:3.84%;--awb-spacing-left-medium:3.84%;--awb-width-small:100%;--awb-order-small:0;--awb-spacing-right-small:1.92%;--awb-spacing-left-small:1.92%;\"><div class=\"fusion-column-wrapper fusion-column-has-shadow fusion-flex-justify-content-flex-start fusion-content-layout-column\"><div class=\"fusion-text fusion-text-3\"><p><span style=\"color: #ffffff;\">In unserem Team finden Sie:<\/span><\/p>\n<ul>\n<li><span style=\"color: #ffffff;\">Mechanik<\/span><\/li>\n<li><span style=\"color: #ffffff;\">Mechatronik<\/span><\/li>\n<li><span style=\"color: #ffffff;\">Elektriker<\/span><\/li>\n<li><span style=\"color: #ffffff;\">Schwei\u00dfer<\/span><\/li>\n<li><span style=\"color: #ffffff;\">Pneumatics<\/span><\/li>\n<li><span style=\"color: #ffffff;\">Luft-technik<\/span><\/li>\n<\/ul>\n<\/div><\/div><\/div><\/div><\/div><div class=\"fusion-fullwidth fullwidth-box fusion-builder-row-3 fusion-flex-container has-pattern-background has-mask-background faded-background fusion-parallax-fixed hundred-percent-fullwidth non-hundred-percent-height-scrolling\" style=\"--awb-border-radius-top-left:0px;--awb-border-radius-top-right:0px;--awb-border-radius-bottom-right:0px;--awb-border-radius-bottom-left:0px;--awb-min-height:200px;--awb-background-size:cover;--awb-flex-wrap:wrap;background-attachment:fixed;\" ><div class=\"fullwidth-faded\" style=\"--awb-background-parallax:fixed;--awb-background-image:url(https:\/\/rs-technic.eu\/wp-content\/uploads\/2024\/02\/wide2.png);--awb-background-size:cover;\" ><\/div><div class=\"fusion-builder-row fusion-row fusion-flex-align-items-flex-start fusion-flex-content-wrap\" style=\"width:104% !important;max-width:104% !important;margin-left: calc(-4% \/ 2 );margin-right: calc(-4% \/ 2 );\"><div class=\"fusion-layout-column fusion_builder_column fusion-builder-column-3 fusion_builder_column_1_1 1_1 fusion-flex-column\" style=\"--awb-padding-top:30px;--awb-padding-bottom:30px;--awb-bg-size:cover;--awb-width-large:100%;--awb-margin-top-large:0px;--awb-spacing-right-large:1.92%;--awb-margin-bottom-large:20px;--awb-spacing-left-large:1.92%;--awb-width-medium:100%;--awb-order-medium:0;--awb-spacing-right-medium:1.92%;--awb-spacing-left-medium:1.92%;--awb-width-small:100%;--awb-order-small:0;--awb-spacing-right-small:1.92%;--awb-spacing-left-small:1.92%;\" data-motion-effects=\"[{&quot;type&quot;:&quot;&quot;,&quot;scroll_type&quot;:&quot;transition&quot;,&quot;scroll_direction&quot;:&quot;up&quot;,&quot;transition_speed&quot;:&quot;1&quot;,&quot;fade_type&quot;:&quot;in&quot;,&quot;scale_type&quot;:&quot;up&quot;,&quot;initial_scale&quot;:&quot;1&quot;,&quot;max_scale&quot;:&quot;1.5&quot;,&quot;min_scale&quot;:&quot;0.5&quot;,&quot;initial_rotate&quot;:&quot;0&quot;,&quot;end_rotate&quot;:&quot;30&quot;,&quot;initial_blur&quot;:&quot;0&quot;,&quot;end_blur&quot;:&quot;3&quot;,&quot;start_element&quot;:&quot;top&quot;,&quot;start_viewport&quot;:&quot;bottom&quot;,&quot;end_element&quot;:&quot;bottom&quot;,&quot;end_viewport&quot;:&quot;top&quot;,&quot;mouse_effect&quot;:&quot;track&quot;,&quot;mouse_effect_direction&quot;:&quot;opposite&quot;,&quot;mouse_effect_speed&quot;:&quot;2&quot;,&quot;infinite_animation&quot;:&quot;float&quot;,&quot;infinite_animation_speed&quot;:&quot;2&quot;}]\" data-scroll-devices=\"small-visibility,medium-visibility,large-visibility\"><div class=\"fusion-column-wrapper fusion-column-has-shadow fusion-flex-justify-content-flex-start fusion-content-layout-column\"><\/div><\/div><\/div><\/div><div class=\"fusion-fullwidth fullwidth-box fusion-builder-row-4 fusion-flex-container has-pattern-background has-mask-background nonhundred-percent-fullwidth non-hundred-percent-height-scrolling\" style=\"--awb-border-radius-top-left:0px;--awb-border-radius-top-right:0px;--awb-border-radius-bottom-right:0px;--awb-border-radius-bottom-left:0px;--awb-flex-wrap:wrap;\" ><div class=\"fusion-builder-row fusion-row fusion-flex-align-items-flex-start fusion-flex-content-wrap\" style=\"max-width:1248px;margin-left: calc(-4% \/ 2 );margin-right: calc(-4% \/ 2 );\"><div class=\"fusion-layout-column fusion_builder_column fusion-builder-column-4 fusion_builder_column_1_1 1_1 fusion-flex-column\" style=\"--awb-bg-color:#000000;--awb-bg-color-hover:#000000;--awb-bg-size:cover;--awb-width-large:100%;--awb-margin-top-large:0px;--awb-spacing-right-large:1.92%;--awb-margin-bottom-large:20px;--awb-spacing-left-large:1.92%;--awb-width-medium:100%;--awb-order-medium:0;--awb-spacing-right-medium:1.92%;--awb-spacing-left-medium:1.92%;--awb-width-small:100%;--awb-order-small:0;--awb-spacing-right-small:1.92%;--awb-spacing-left-small:1.92%;\" data-motion-effects=\"[{&quot;type&quot;:&quot;&quot;,&quot;scroll_type&quot;:&quot;transition&quot;,&quot;scroll_direction&quot;:&quot;up&quot;,&quot;transition_speed&quot;:&quot;1&quot;,&quot;fade_type&quot;:&quot;in&quot;,&quot;scale_type&quot;:&quot;up&quot;,&quot;initial_scale&quot;:&quot;1&quot;,&quot;max_scale&quot;:&quot;1.5&quot;,&quot;min_scale&quot;:&quot;0.5&quot;,&quot;initial_rotate&quot;:&quot;0&quot;,&quot;end_rotate&quot;:&quot;30&quot;,&quot;initial_blur&quot;:&quot;0&quot;,&quot;end_blur&quot;:&quot;3&quot;,&quot;start_element&quot;:&quot;top&quot;,&quot;start_viewport&quot;:&quot;bottom&quot;,&quot;end_element&quot;:&quot;bottom&quot;,&quot;end_viewport&quot;:&quot;top&quot;,&quot;mouse_effect&quot;:&quot;track&quot;,&quot;mouse_effect_direction&quot;:&quot;opposite&quot;,&quot;mouse_effect_speed&quot;:&quot;2&quot;,&quot;infinite_animation&quot;:&quot;float&quot;,&quot;infinite_animation_speed&quot;:&quot;2&quot;}]\" data-scroll-devices=\"small-visibility,medium-visibility,large-visibility\"><div class=\"fusion-column-wrapper fusion-column-has-shadow fusion-flex-justify-content-flex-start fusion-content-layout-column\"><div class=\"fusion-separator fusion-full-width-sep\" style=\"align-self: center;margin-left: auto;margin-right: auto;width:100%;\"><div class=\"fusion-separator-border sep-single sep-solid\" style=\"--awb-height:20px;--awb-amount:20px;--awb-sep-color:#c42530;border-color:#c42530;border-top-width:1px;\"><\/div><\/div><div class=\"fusion-text fusion-text-4\"><h5 style=\"text-align: center;\"><span style=\"color: #ffffff;\">Dienstleistungen.<\/span><\/h5>\n<\/div><div class=\"fusion-separator fusion-full-width-sep\" style=\"align-self: center;margin-left: auto;margin-right: auto;width:100%;\"><div class=\"fusion-separator-border sep-single sep-solid\" style=\"--awb-height:20px;--awb-amount:20px;--awb-sep-color:#c42530;border-color:#c42530;border-top-width:1px;\"><\/div><\/div><\/div><\/div><\/div><\/div><div class=\"fusion-fullwidth fullwidth-box fusion-builder-row-5 fusion-flex-container has-pattern-background has-mask-background nonhundred-percent-fullwidth non-hundred-percent-height-scrolling\" style=\"--awb-border-radius-top-left:0px;--awb-border-radius-top-right:0px;--awb-border-radius-bottom-right:0px;--awb-border-radius-bottom-left:0px;--awb-flex-wrap:wrap;\" ><div class=\"fusion-builder-row fusion-row fusion-flex-align-items-flex-start fusion-flex-content-wrap\" style=\"max-width:1248px;margin-left: calc(-4% \/ 2 );margin-right: calc(-4% \/ 2 );\"><div class=\"fusion-layout-column fusion_builder_column fusion-builder-column-5 fusion_builder_column_1_2 1_2 fusion-flex-column\" style=\"--awb-bg-size:cover;--awb-width-large:50%;--awb-margin-top-large:0px;--awb-spacing-right-large:3.84%;--awb-margin-bottom-large:20px;--awb-spacing-left-large:3.84%;--awb-width-medium:50%;--awb-order-medium:0;--awb-spacing-right-medium:3.84%;--awb-spacing-left-medium:3.84%;--awb-width-small:100%;--awb-order-small:0;--awb-spacing-right-small:1.92%;--awb-spacing-left-small:1.92%;\"><div class=\"fusion-column-wrapper fusion-column-has-shadow fusion-flex-justify-content-flex-start fusion-content-layout-column\"><div class=\"fusion-text fusion-text-5\"><p style=\"text-align: center;\"><span style=\"color: #ffffff;\"><strong>Mechanische Baugruppen<\/strong><\/span><\/p>\n<p><span style=\"color: #ffffff;\">Wir stehen Ihnen f\u00fcr jedes Projekt weltweit zur Verf\u00fcgung. Unser internationales professionelles Team ist bereit, je nach Bedarf zu montieren, umzuziehen und zu installieren. Unsere Kunden k\u00f6nnen sich auf unsere umfassenden Leistungen verlassen:<\/span><\/p>\n<ul>\n<li><span style=\"color: #ffffff;\">Montage anhand technischer Zeichnungen<\/span><\/li>\n<li><span style=\"color: #ffffff;\">Selbstst\u00e4ndige Montage von Maschinen und Anlagen<\/span><\/li>\n<li><span style=\"color: #ffffff;\">Inbetriebnahme<\/span><\/li>\n<li><span style=\"color: #ffffff;\">Durchf\u00fchrung von Kontrollen<\/span><\/li>\n<li><span style=\"color: #ffffff;\">Sicherstellung der geforderten Qualit\u00e4t<\/span><\/li>\n<\/ul>\n<\/div><\/div><\/div><div class=\"fusion-layout-column fusion_builder_column fusion-builder-column-6 fusion_builder_column_1_2 1_2 fusion-flex-column\" style=\"--awb-bg-size:cover;--awb-width-large:50%;--awb-margin-top-large:0px;--awb-spacing-right-large:3.84%;--awb-margin-bottom-large:20px;--awb-spacing-left-large:3.84%;--awb-width-medium:50%;--awb-order-medium:0;--awb-spacing-right-medium:3.84%;--awb-spacing-left-medium:3.84%;--awb-width-small:100%;--awb-order-small:0;--awb-spacing-right-small:1.92%;--awb-spacing-left-small:1.92%;\"><div class=\"fusion-column-wrapper fusion-column-has-shadow fusion-flex-justify-content-flex-start fusion-content-layout-column\"><div class=\"fusion-text fusion-text-6\"><p style=\"text-align: center;\"><span style=\"color: #ffffff;\"><strong>Elektrische Baugruppen<\/strong><\/span><\/p>\n<p><span style=\"color: #ffffff;\">Unser Team k\u00fcmmert sich um die schnelle und l\u00fcckenlose Installation von Maschinen und Anlagen nach Ihren Elektropl\u00e4nen. Wir sind in verschiedenen Industriezweigen t\u00e4tig: Automobil, Lebensmittel, Holzverarbeitung, Papier, Chemie. Unsere Elektrotechniker sind in verschiedenen Branchen zu Hause.<\/span><\/p>\n<ul>\n<li><span style=\"color: #ffffff;\">Selbstst\u00e4ndige Installation von Maschinen und Anlagen<\/span><\/li>\n<li><span style=\"color: #ffffff;\">Elektroinstallation von Verteilerk\u00e4sten<\/span><\/li>\n<li><span style=\"color: #ffffff;\">Einbau der Antriebstechnik<\/span><\/li>\n<li><span style=\"color: #ffffff;\">Durchf\u00fchrung von Servicearbeiten<\/span><\/li>\n<li><span style=\"color: #ffffff;\">Inbetriebnahme<\/span><\/li>\n<\/ul>\n<\/div><\/div><\/div><div class=\"fusion-layout-column fusion_builder_column fusion-builder-column-7 fusion_builder_column_1_2 1_2 fusion-flex-column\" style=\"--awb-bg-size:cover;--awb-width-large:50%;--awb-margin-top-large:0px;--awb-spacing-right-large:3.84%;--awb-margin-bottom-large:20px;--awb-spacing-left-large:3.84%;--awb-width-medium:50%;--awb-order-medium:0;--awb-spacing-right-medium:3.84%;--awb-spacing-left-medium:3.84%;--awb-width-small:100%;--awb-order-small:0;--awb-spacing-right-small:1.92%;--awb-spacing-left-small:1.92%;\"><div class=\"fusion-column-wrapper fusion-column-has-shadow fusion-flex-justify-content-flex-start fusion-content-layout-column\"><div class=\"fusion-text fusion-text-7\"><p style=\"text-align: center;\"><span style=\"color: #ffffff;\"><span style=\"color: #000000;\"><b><span style=\"color: #ffffff;\">Wartung und Reparaturen<\/span> <\/b><\/span><\/span><\/p>\n<p><span style=\"color: #ffffff;\">Unsere Mitarbeiter stehen f\u00fcr die Wartung und Reparatur von Produktionslinien, Maschinen, Anlagen und kompletten Produktionsanlagen bereit. Wir beraten unsere Kunden \u00fcber den Einsatz von entsprechend den jeweiligen Rahmenbedingungen geschulten Teams. Umfassende Wartungsleistungen umfassen eine kontinuierliche Projektunterst\u00fctzung. Die Zufriedenheit unserer Kunden steht f\u00fcr uns immer an erster Stelle.<\/span><\/p>\n<ul>\n<li><span style=\"color: #ffffff;\">vorbeugende und regelm\u00e4\u00dfige Wartung<\/span><\/li>\n<li><span style=\"color: #ffffff;\">individueller Service und Wartung<\/span><\/li>\n<li><span style=\"color: #ffffff;\">immer ein qualifiziertes Team<\/span><\/li>\n<\/ul>\n<div class=\"elementor-element elementor-element-360cbeb0 elementor-widget elementor-widget-text-editor\" data-id=\"360cbeb0\" data-element_type=\"widget\" data-widget_type=\"text-editor.default\">\n<div class=\"elementor-widget-container\"><\/div>\n<\/div>\n<div class=\"elementor-element elementor-element-5e2d1772 elementor-icon-list--layout-traditional elementor-list-item-link-full_width elementor-widget elementor-widget-icon-list\" data-id=\"5e2d1772\" data-element_type=\"widget\" data-widget_type=\"icon-list.default\">\n<div class=\"elementor-widget-container\"><\/div>\n<\/div>\n<\/div><\/div><\/div><div class=\"fusion-layout-column fusion_builder_column fusion-builder-column-8 fusion_builder_column_1_2 1_2 fusion-flex-column\" style=\"--awb-bg-size:cover;--awb-width-large:50%;--awb-margin-top-large:0px;--awb-spacing-right-large:3.84%;--awb-margin-bottom-large:20px;--awb-spacing-left-large:3.84%;--awb-width-medium:50%;--awb-order-medium:0;--awb-spacing-right-medium:3.84%;--awb-spacing-left-medium:3.84%;--awb-width-small:100%;--awb-order-small:0;--awb-spacing-right-small:1.92%;--awb-spacing-left-small:1.92%;\"><div class=\"fusion-column-wrapper fusion-column-has-shadow fusion-flex-justify-content-flex-start fusion-content-layout-column\"><div class=\"fusion-text fusion-text-8\"><p><img decoding=\"async\" class=\"size-full wp-image-18 aligncenter\" src=\"https:\/\/rs-technic.eu\/wp-content\/uploads\/2024\/02\/logo-uprava.png\" alt=\"\" width=\"522\" height=\"376\" srcset=\"https:\/\/rs-technic.eu\/wp-content\/uploads\/2024\/02\/logo-uprava-200x144.png 200w, https:\/\/rs-technic.eu\/wp-content\/uploads\/2024\/02\/logo-uprava-300x216.png 300w, https:\/\/rs-technic.eu\/wp-content\/uploads\/2024\/02\/logo-uprava-400x288.png 400w, https:\/\/rs-technic.eu\/wp-content\/uploads\/2024\/02\/logo-uprava.png 522w\" sizes=\"(max-width: 522px) 100vw, 522px\" \/><\/p>\n<\/div><\/div><\/div><\/div><\/div><\/p>\n","protected":false},"excerpt":{"rendered":"","protected":false},"author":1,"featured_media":0,"parent":0,"menu_order":0,"comment_status":"closed","ping_status":"closed","template":"100-width.php","meta":{"footnotes":""},"class_list":["post-256","page","type-page","status-publish","hentry"],"yoast_head":"<!-- This site is optimized with the Yoast SEO plugin v22.1 - https:\/\/yoast.com\/wordpress\/plugins\/seo\/ -->\n<title>Home - RS-Technic<\/title>\n<meta name=\"robots\" content=\"index, follow, max-snippet:-1, max-image-preview:large, max-video-preview:-1\" \/>\n<link rel=\"canonical\" href=\"https:\/\/rs-technic.eu\/de\/home\/\" \/>\n<meta property=\"og:locale\" content=\"de_DE\" \/>\n<meta property=\"og:type\" content=\"article\" \/>\n<meta property=\"og:title\" content=\"Home - RS-Technic\" \/>\n<meta property=\"og:url\" content=\"https:\/\/rs-technic.eu\/de\/home\/\" \/>\n<meta property=\"og:site_name\" content=\"RS-Technic\" \/>\n<meta property=\"article:publisher\" content=\"https:\/\/www.facebook.com\/profile.php?id=61556431889875\" \/>\n<meta property=\"article:modified_time\" content=\"2024-02-16T09:55:14+00:00\" \/>\n<meta property=\"og:image\" content=\"https:\/\/rs-technic.eu\/wp-content\/uploads\/2024\/02\/logo-uprava.png\" \/>\n<meta name=\"twitter:card\" content=\"summary_large_image\" \/>\n<meta name=\"twitter:label1\" content=\"Gesch\u00e4tzte Lesezeit\" \/>\n\t<meta name=\"twitter:data1\" content=\"38\u00a0Minuten\" \/>\n<script type=\"application\/ld+json\" class=\"yoast-schema-graph\">{\"@context\":\"https:\/\/schema.org\",\"@graph\":[{\"@type\":\"WebPage\",\"@id\":\"https:\/\/rs-technic.eu\/de\/home\/\",\"url\":\"https:\/\/rs-technic.eu\/de\/home\/\",\"name\":\"Home - RS-Technic\",\"isPartOf\":{\"@id\":\"https:\/\/rs-technic.eu\/#website\"},\"datePublished\":\"2024-02-09T04:11:46+00:00\",\"dateModified\":\"2024-02-16T09:55:14+00:00\",\"breadcrumb\":{\"@id\":\"https:\/\/rs-technic.eu\/de\/home\/#breadcrumb\"},\"inLanguage\":\"de\",\"potentialAction\":[{\"@type\":\"ReadAction\",\"target\":[\"https:\/\/rs-technic.eu\/de\/home\/\"]}]},{\"@type\":\"BreadcrumbList\",\"@id\":\"https:\/\/rs-technic.eu\/de\/home\/#breadcrumb\",\"itemListElement\":[{\"@type\":\"ListItem\",\"position\":1,\"name\":\"Domovsk\u00e1 str\u00e1nka\",\"item\":\"https:\/\/rs-technic.eu\/de\/home\/\"},{\"@type\":\"ListItem\",\"position\":2,\"name\":\"Home\"}]},{\"@type\":\"WebSite\",\"@id\":\"https:\/\/rs-technic.eu\/#website\",\"url\":\"https:\/\/rs-technic.eu\/\",\"name\":\"RS-Technic\",\"description\":\"\",\"publisher\":{\"@id\":\"https:\/\/rs-technic.eu\/#organization\"},\"potentialAction\":[{\"@type\":\"SearchAction\",\"target\":{\"@type\":\"EntryPoint\",\"urlTemplate\":\"https:\/\/rs-technic.eu\/?s={search_term_string}\"},\"query-input\":\"required name=search_term_string\"}],\"inLanguage\":\"de\"},{\"@type\":\"Organization\",\"@id\":\"https:\/\/rs-technic.eu\/#organization\",\"name\":\"RS-Technic\",\"url\":\"https:\/\/rs-technic.eu\/\",\"logo\":{\"@type\":\"ImageObject\",\"inLanguage\":\"de\",\"@id\":\"https:\/\/rs-technic.eu\/#\/schema\/logo\/image\/\",\"url\":\"https:\/\/rs-technic.eu\/wp-content\/uploads\/2024\/02\/logo-uprava.png\",\"contentUrl\":\"https:\/\/rs-technic.eu\/wp-content\/uploads\/2024\/02\/logo-uprava.png\",\"width\":522,\"height\":376,\"caption\":\"RS-Technic\"},\"image\":{\"@id\":\"https:\/\/rs-technic.eu\/#\/schema\/logo\/image\/\"},\"sameAs\":[\"https:\/\/www.facebook.com\/profile.php?id=61556431889875\",\"https:\/\/www.linkedin.com\/in\/rastislav-sodoma-5911582b2\/\",\"https:\/\/www.linkedin.com\/company\/100564327\"]}]}<\/script>\n<!-- \/ Yoast SEO plugin. -->","yoast_head_json":{"title":"Home - RS-Technic","robots":{"index":"index","follow":"follow","max-snippet":"max-snippet:-1","max-image-preview":"max-image-preview:large","max-video-preview":"max-video-preview:-1"},"canonical":"https:\/\/rs-technic.eu\/de\/home\/","og_locale":"de_DE","og_type":"article","og_title":"Home - RS-Technic","og_url":"https:\/\/rs-technic.eu\/de\/home\/","og_site_name":"RS-Technic","article_publisher":"https:\/\/www.facebook.com\/profile.php?id=61556431889875","article_modified_time":"2024-02-16T09:55:14+00:00","og_image":[{"url":"https:\/\/rs-technic.eu\/wp-content\/uploads\/2024\/02\/logo-uprava.png"}],"twitter_card":"summary_large_image","twitter_misc":{"Gesch\u00e4tzte Lesezeit":"38\u00a0Minuten"},"schema":{"@context":"https:\/\/schema.org","@graph":[{"@type":"WebPage","@id":"https:\/\/rs-technic.eu\/de\/home\/","url":"https:\/\/rs-technic.eu\/de\/home\/","name":"Home - RS-Technic","isPartOf":{"@id":"https:\/\/rs-technic.eu\/#website"},"datePublished":"2024-02-09T04:11:46+00:00","dateModified":"2024-02-16T09:55:14+00:00","breadcrumb":{"@id":"https:\/\/rs-technic.eu\/de\/home\/#breadcrumb"},"inLanguage":"de","potentialAction":[{"@type":"ReadAction","target":["https:\/\/rs-technic.eu\/de\/home\/"]}]},{"@type":"BreadcrumbList","@id":"https:\/\/rs-technic.eu\/de\/home\/#breadcrumb","itemListElement":[{"@type":"ListItem","position":1,"name":"Domovsk\u00e1 str\u00e1nka","item":"https:\/\/rs-technic.eu\/de\/home\/"},{"@type":"ListItem","position":2,"name":"Home"}]},{"@type":"WebSite","@id":"https:\/\/rs-technic.eu\/#website","url":"https:\/\/rs-technic.eu\/","name":"RS-Technic","description":"","publisher":{"@id":"https:\/\/rs-technic.eu\/#organization"},"potentialAction":[{"@type":"SearchAction","target":{"@type":"EntryPoint","urlTemplate":"https:\/\/rs-technic.eu\/?s={search_term_string}"},"query-input":"required name=search_term_string"}],"inLanguage":"de"},{"@type":"Organization","@id":"https:\/\/rs-technic.eu\/#organization","name":"RS-Technic","url":"https:\/\/rs-technic.eu\/","logo":{"@type":"ImageObject","inLanguage":"de","@id":"https:\/\/rs-technic.eu\/#\/schema\/logo\/image\/","url":"https:\/\/rs-technic.eu\/wp-content\/uploads\/2024\/02\/logo-uprava.png","contentUrl":"https:\/\/rs-technic.eu\/wp-content\/uploads\/2024\/02\/logo-uprava.png","width":522,"height":376,"caption":"RS-Technic"},"image":{"@id":"https:\/\/rs-technic.eu\/#\/schema\/logo\/image\/"},"sameAs":["https:\/\/www.facebook.com\/profile.php?id=61556431889875","https:\/\/www.linkedin.com\/in\/rastislav-sodoma-5911582b2\/","https:\/\/www.linkedin.com\/company\/100564327"]}]}},"_links":{"self":[{"href":"https:\/\/rs-technic.eu\/de\/wp-json\/wp\/v2\/pages\/256","targetHints":{"allow":["GET"]}}],"collection":[{"href":"https:\/\/rs-technic.eu\/de\/wp-json\/wp\/v2\/pages"}],"about":[{"href":"https:\/\/rs-technic.eu\/de\/wp-json\/wp\/v2\/types\/page"}],"author":[{"embeddable":true,"href":"https:\/\/rs-technic.eu\/de\/wp-json\/wp\/v2\/users\/1"}],"replies":[{"embeddable":true,"href":"https:\/\/rs-technic.eu\/de\/wp-json\/wp\/v2\/comments?post=256"}],"version-history":[{"count":4,"href":"https:\/\/rs-technic.eu\/de\/wp-json\/wp\/v2\/pages\/256\/revisions"}],"predecessor-version":[{"id":263,"href":"https:\/\/rs-technic.eu\/de\/wp-json\/wp\/v2\/pages\/256\/revisions\/263"}],"wp:attachment":[{"href":"https:\/\/rs-technic.eu\/de\/wp-json\/wp\/v2\/media?parent=256"}],"curies":[{"name":"wp","href":"https:\/\/api.w.org\/{rel}","templated":true}]}}