{"id":156,"date":"2024-02-09T05:09:24","date_gmt":"2024-02-09T04:09:24","guid":{"rendered":"https:\/\/rs-technic.eu\/o-nas\/"},"modified":"2024-02-15T09:33:47","modified_gmt":"2024-02-15T08:33:47","slug":"o-nas","status":"publish","type":"page","link":"https:\/\/rs-technic.eu\/de\/o-nas\/","title":{"rendered":"\u00dcber uns"},"content":{"rendered":"<p><div class=\"fusion-fullwidth fullwidth-box fusion-builder-row-1 fusion-flex-container has-pattern-background has-mask-background nonhundred-percent-fullwidth non-hundred-percent-height-scrolling\" style=\"--awb-border-radius-top-left:0px;--awb-border-radius-top-right:0px;--awb-border-radius-bottom-right:0px;--awb-border-radius-bottom-left:0px;--awb-margin-top:30px;--awb-margin-bottom:30px;--awb-flex-wrap:wrap;\" ><div class=\"fusion-builder-row fusion-row fusion-flex-align-items-flex-start fusion-flex-content-wrap\" style=\"max-width:1248px;margin-left: calc(-4% \/ 2 );margin-right: calc(-4% \/ 2 );\"><div class=\"fusion-layout-column fusion_builder_column fusion-builder-column-0 fusion_builder_column_1_1 1_1 fusion-flex-column\" style=\"--awb-bg-size:cover;--awb-width-large:100%;--awb-margin-top-large:0px;--awb-spacing-right-large:1.92%;--awb-margin-bottom-large:20px;--awb-spacing-left-large:1.92%;--awb-width-medium:100%;--awb-order-medium:0;--awb-spacing-right-medium:1.92%;--awb-spacing-left-medium:1.92%;--awb-width-small:100%;--awb-order-small:0;--awb-spacing-right-small:1.92%;--awb-spacing-left-small:1.92%;\"><div class=\"fusion-column-wrapper fusion-column-has-shadow fusion-flex-justify-content-flex-start fusion-content-layout-column\"><\/div><\/div><\/div><\/div><div class=\"fusion-fullwidth fullwidth-box fusion-builder-row-2 fusion-flex-container has-pattern-background has-mask-background nonhundred-percent-fullwidth non-hundred-percent-height-scrolling\" style=\"--awb-border-radius-top-left:0px;--awb-border-radius-top-right:0px;--awb-border-radius-bottom-right:0px;--awb-border-radius-bottom-left:0px;--awb-flex-wrap:wrap;\" ><div class=\"fusion-builder-row fusion-row fusion-flex-align-items-flex-start fusion-flex-content-wrap\" style=\"max-width:1248px;margin-left: calc(-4% \/ 2 );margin-right: calc(-4% \/ 2 );\"><div class=\"fusion-layout-column fusion_builder_column fusion-builder-column-1 fusion_builder_column_1_2 1_2 fusion-flex-column\" style=\"--awb-bg-size:cover;--awb-width-large:50%;--awb-margin-top-large:0px;--awb-spacing-right-large:3.84%;--awb-margin-bottom-large:20px;--awb-spacing-left-large:3.84%;--awb-width-medium:50%;--awb-order-medium:0;--awb-spacing-right-medium:3.84%;--awb-spacing-left-medium:3.84%;--awb-width-small:100%;--awb-order-small:0;--awb-spacing-right-small:1.92%;--awb-spacing-left-small:1.92%;\"><div class=\"fusion-column-wrapper fusion-column-has-shadow fusion-flex-justify-content-flex-start fusion-content-layout-column\"><div class=\"fusion-separator fusion-full-width-sep\" style=\"align-self: center;margin-left: auto;margin-right: auto;width:100%;\"><div class=\"fusion-separator-border sep-single sep-solid\" style=\"--awb-height:20px;--awb-amount:20px;--awb-sep-color:#c42530;border-color:#c42530;border-top-width:1px;\"><\/div><\/div><div class=\"fusion-text fusion-text-1\"><p><span style=\"color: #ffffff;\"><strong>Unser Unternehmen ist seit 7 Jahren auf dem Markt t\u00e4tig, im Laufe der Zeit haben wir Fachwissen erworben und ein qualifiziertes Team gebildet. In der Industriemontage sind wir weltweit t\u00e4tig, sei es die Neumontage kompletter Anlagen, die Inbetriebnahme von Linien, die eventuelle Demontage und Verlagerung von Linien.<\/strong><\/span><\/p>\n<p><span style=\"color: #ffffff;\">Mit uns finden Sie einen zuverl\u00e4ssigen Partner, der direkt mit Ihnen kommuniziert und Sie in allen Bereichen Ihres Projekts unterst\u00fctzt.<\/span><\/p>\n<p><span style=\"color: #ffffff;\"><b>Wir vereinen langj\u00e4hrige Erfahrung aus unterschiedlichen Projekten, professionelles Equipment, qualifiziertes Handwerk. Sie k\u00f6nnen sich auf organisierte Montageabl\u00e4ufe und Termine entsprechend Ihren Anforderungen verlassen.<\/b><\/span><\/p>\n<p><span style=\"color: #ffffff;\">Seit Beginn unserer T\u00e4tigkeit steht der Kunde f\u00fcr uns immer an erster Stelle.<\/span><\/p>\n<\/div><\/div><\/div><div class=\"fusion-layout-column fusion_builder_column fusion-builder-column-2 fusion_builder_column_1_2 1_2 fusion-flex-column\" style=\"--awb-bg-size:cover;--awb-width-large:50%;--awb-margin-top-large:0px;--awb-spacing-right-large:3.84%;--awb-margin-bottom-large:20px;--awb-spacing-left-large:3.84%;--awb-width-medium:50%;--awb-order-medium:0;--awb-spacing-right-medium:3.84%;--awb-spacing-left-medium:3.84%;--awb-width-small:100%;--awb-order-small:0;--awb-spacing-right-small:1.92%;--awb-spacing-left-small:1.92%;\"><div class=\"fusion-column-wrapper fusion-column-has-shadow fusion-flex-justify-content-flex-start fusion-content-layout-column\"><div class=\"fusion-text fusion-text-2\"><p><img decoding=\"async\" class=\"alignnone size-full wp-image-100\" src=\"https:\/\/rs-technic.eu\/wp-content\/uploads\/2024\/02\/footer-1-scaled.jpg\" alt=\"\" width=\"2560\" height=\"1440\" srcset=\"https:\/\/rs-technic.eu\/wp-content\/uploads\/2024\/02\/footer-1-200x113.jpg 200w, https:\/\/rs-technic.eu\/wp-content\/uploads\/2024\/02\/footer-1-300x169.jpg 300w, https:\/\/rs-technic.eu\/wp-content\/uploads\/2024\/02\/footer-1-400x225.jpg 400w, https:\/\/rs-technic.eu\/wp-content\/uploads\/2024\/02\/footer-1-600x338.jpg 600w, https:\/\/rs-technic.eu\/wp-content\/uploads\/2024\/02\/footer-1-768x432.jpg 768w, https:\/\/rs-technic.eu\/wp-content\/uploads\/2024\/02\/footer-1-800x450.jpg 800w, https:\/\/rs-technic.eu\/wp-content\/uploads\/2024\/02\/footer-1-1024x576.jpg 1024w, https:\/\/rs-technic.eu\/wp-content\/uploads\/2024\/02\/footer-1-1200x675.jpg 1200w, https:\/\/rs-technic.eu\/wp-content\/uploads\/2024\/02\/footer-1-1536x864.jpg 1536w, https:\/\/rs-technic.eu\/wp-content\/uploads\/2024\/02\/footer-1-scaled.jpg 2560w\" sizes=\"(max-width: 2560px) 100vw, 2560px\" \/><\/p>\n<\/div><\/div><\/div><\/div><\/div><div class=\"fusion-fullwidth fullwidth-box fusion-builder-row-3 fusion-flex-container has-pattern-background has-mask-background nonhundred-percent-fullwidth non-hundred-percent-height-scrolling\" style=\"--awb-border-radius-top-left:0px;--awb-border-radius-top-right:0px;--awb-border-radius-bottom-right:0px;--awb-border-radius-bottom-left:0px;--awb-flex-wrap:wrap;\" ><div class=\"fusion-builder-row fusion-row fusion-flex-align-items-flex-start fusion-flex-content-wrap\" style=\"max-width:1248px;margin-left: calc(-4% \/ 2 );margin-right: calc(-4% \/ 2 );\"><div class=\"fusion-layout-column fusion_builder_column fusion-builder-column-3 fusion_builder_column_1_1 1_1 fusion-flex-column\" style=\"--awb-bg-size:cover;--awb-width-large:100%;--awb-margin-top-large:0px;--awb-spacing-right-large:1.92%;--awb-margin-bottom-large:20px;--awb-spacing-left-large:1.92%;--awb-width-medium:100%;--awb-order-medium:0;--awb-spacing-right-medium:1.92%;--awb-spacing-left-medium:1.92%;--awb-width-small:100%;--awb-order-small:0;--awb-spacing-right-small:1.92%;--awb-spacing-left-small:1.92%;\"><div class=\"fusion-column-wrapper fusion-column-has-shadow fusion-flex-justify-content-flex-start fusion-content-layout-column\"><div class=\"fusion-separator fusion-full-width-sep\" style=\"align-self: center;margin-left: auto;margin-right: auto;width:100%;\"><div class=\"fusion-separator-border sep-single sep-solid\" style=\"--awb-height:20px;--awb-amount:20px;--awb-sep-color:#c42530;border-color:#c42530;border-top-width:1px;\"><\/div><\/div><\/div><\/div><\/div><\/div><div class=\"fusion-fullwidth fullwidth-box fusion-builder-row-4 fusion-flex-container has-pattern-background has-mask-background nonhundred-percent-fullwidth non-hundred-percent-height-scrolling\" style=\"--awb-border-radius-top-left:0px;--awb-border-radius-top-right:0px;--awb-border-radius-bottom-right:0px;--awb-border-radius-bottom-left:0px;--awb-flex-wrap:wrap;\" ><div class=\"fusion-builder-row fusion-row fusion-flex-align-items-flex-start fusion-flex-content-wrap\" style=\"max-width:1248px;margin-left: calc(-4% \/ 2 );margin-right: calc(-4% \/ 2 );\"><div class=\"fusion-layout-column fusion_builder_column fusion-builder-column-4 fusion_builder_column_1_2 1_2 fusion-flex-column\" style=\"--awb-bg-size:cover;--awb-width-large:50%;--awb-margin-top-large:0px;--awb-spacing-right-large:3.84%;--awb-margin-bottom-large:20px;--awb-spacing-left-large:3.84%;--awb-width-medium:50%;--awb-order-medium:0;--awb-spacing-right-medium:3.84%;--awb-spacing-left-medium:3.84%;--awb-width-small:100%;--awb-order-small:0;--awb-spacing-right-small:1.92%;--awb-spacing-left-small:1.92%;\"><div class=\"fusion-column-wrapper fusion-column-has-shadow fusion-flex-justify-content-flex-start fusion-content-layout-column\"><div class=\"fusion-text fusion-text-3\"><h3><span style=\"color: #ffffff;\">CEO Rastislav Sodoma :<\/span><\/h3>\n<p><span style=\"color: #ffffff;\">Ganz am Anfang habe ich als Monteur bei verschiedenen Projekten auf der ganzen Welt angefangen, mit der Zeit habe ich Erfahrungen und Kontakte gesammelt. Ich habe beschlossen, qualifizierte Handwerkerteams zusammenzustellen, auf die Sie sich in allen Aspekten Ihrer Projekte verlassen k\u00f6nnen.<\/span><\/p>\n<p><span style=\"color: #ffffff;\">Ich besuche alle Projekte, an denen wir arbeiten, pers\u00f6nlich, bei uns steht der Kunde an erster Stelle.<\/span><\/p>\n<p><span style=\"color: #ffffff;\">Ich kommuniziere aktiv mit Kunden und lege Wert auf langj\u00e4hrige Beziehungen.<\/span><\/p>\n<p><span style=\"color: #ffffff;\">Danke<\/span><\/p>\n<p><span style=\"color: #ffffff;\">Mit freundlichen Gr\u00fc\u00dfen<\/span><\/p>\n<p><span style=\"color: #ffffff;\">Rastislav Sodoma<\/span><\/p>\n<\/div><\/div><\/div><\/div><\/div><div class=\"fusion-fullwidth fullwidth-box fusion-builder-row-5 fusion-flex-container has-pattern-background has-mask-background nonhundred-percent-fullwidth non-hundred-percent-height-scrolling\" style=\"--awb-border-radius-top-left:0px;--awb-border-radius-top-right:0px;--awb-border-radius-bottom-right:0px;--awb-border-radius-bottom-left:0px;--awb-flex-wrap:wrap;\" ><div class=\"fusion-builder-row fusion-row fusion-flex-align-items-flex-start fusion-flex-content-wrap\" style=\"max-width:1248px;margin-left: calc(-4% \/ 2 );margin-right: calc(-4% \/ 2 );\"><div class=\"fusion-layout-column fusion_builder_column fusion-builder-column-5 fusion_builder_column_1_1 1_1 fusion-flex-column\" style=\"--awb-bg-size:cover;--awb-width-large:100%;--awb-margin-top-large:0px;--awb-spacing-right-large:1.92%;--awb-margin-bottom-large:20px;--awb-spacing-left-large:1.92%;--awb-width-medium:100%;--awb-order-medium:0;--awb-spacing-right-medium:1.92%;--awb-spacing-left-medium:1.92%;--awb-width-small:100%;--awb-order-small:0;--awb-spacing-right-small:1.92%;--awb-spacing-left-small:1.92%;\"><div class=\"fusion-column-wrapper fusion-column-has-shadow fusion-flex-justify-content-flex-start fusion-content-layout-column\"><div class=\"fusion-separator fusion-full-width-sep\" style=\"align-self: center;margin-left: auto;margin-right: auto;width:100%;\"><div class=\"fusion-separator-border sep-single sep-solid\" style=\"--awb-height:20px;--awb-amount:20px;--awb-sep-color:#c42530;border-color:#c42530;border-top-width:1px;\"><\/div><\/div><\/div><\/div><\/div><\/div><\/p>\n","protected":false},"excerpt":{"rendered":"","protected":false},"author":1,"featured_media":0,"parent":0,"menu_order":0,"comment_status":"closed","ping_status":"closed","template":"","meta":{"footnotes":""},"class_list":["post-156","page","type-page","status-publish","hentry"],"yoast_head":"<!-- This site is optimized with the Yoast SEO plugin v22.1 - https:\/\/yoast.com\/wordpress\/plugins\/seo\/ -->\n<title>\u00dcber uns - RS-Technic<\/title>\n<meta name=\"robots\" content=\"index, follow, max-snippet:-1, max-image-preview:large, max-video-preview:-1\" \/>\n<link rel=\"canonical\" href=\"https:\/\/rs-technic.eu\/de\/o-nas\/\" \/>\n<meta property=\"og:locale\" content=\"de_DE\" \/>\n<meta property=\"og:type\" content=\"article\" \/>\n<meta property=\"og:title\" content=\"\u00dcber uns - RS-Technic\" \/>\n<meta property=\"og:url\" content=\"https:\/\/rs-technic.eu\/de\/o-nas\/\" \/>\n<meta property=\"og:site_name\" content=\"RS-Technic\" \/>\n<meta property=\"article:publisher\" content=\"https:\/\/www.facebook.com\/profile.php?id=61556431889875\" \/>\n<meta property=\"article:modified_time\" content=\"2024-02-15T08:33:47+00:00\" \/>\n<meta property=\"og:image\" content=\"https:\/\/rs-technic.eu\/wp-content\/uploads\/2024\/02\/footer-1-scaled.jpg\" \/>\n<meta name=\"twitter:card\" content=\"summary_large_image\" \/>\n<meta name=\"twitter:label1\" content=\"Gesch\u00e4tzte Lesezeit\" \/>\n\t<meta name=\"twitter:data1\" content=\"25\u00a0Minuten\" \/>\n<script type=\"application\/ld+json\" class=\"yoast-schema-graph\">{\"@context\":\"https:\/\/schema.org\",\"@graph\":[{\"@type\":\"WebPage\",\"@id\":\"https:\/\/rs-technic.eu\/de\/o-nas\/\",\"url\":\"https:\/\/rs-technic.eu\/de\/o-nas\/\",\"name\":\"\u00dcber uns - RS-Technic\",\"isPartOf\":{\"@id\":\"https:\/\/rs-technic.eu\/#website\"},\"datePublished\":\"2024-02-09T04:09:24+00:00\",\"dateModified\":\"2024-02-15T08:33:47+00:00\",\"breadcrumb\":{\"@id\":\"https:\/\/rs-technic.eu\/de\/o-nas\/#breadcrumb\"},\"inLanguage\":\"de\",\"potentialAction\":[{\"@type\":\"ReadAction\",\"target\":[\"https:\/\/rs-technic.eu\/de\/o-nas\/\"]}]},{\"@type\":\"BreadcrumbList\",\"@id\":\"https:\/\/rs-technic.eu\/de\/o-nas\/#breadcrumb\",\"itemListElement\":[{\"@type\":\"ListItem\",\"position\":1,\"name\":\"Domovsk\u00e1 str\u00e1nka\",\"item\":\"https:\/\/rs-technic.eu\/de\/home\/\"},{\"@type\":\"ListItem\",\"position\":2,\"name\":\"\u00dcber uns\"}]},{\"@type\":\"WebSite\",\"@id\":\"https:\/\/rs-technic.eu\/#website\",\"url\":\"https:\/\/rs-technic.eu\/\",\"name\":\"RS-Technic\",\"description\":\"\",\"publisher\":{\"@id\":\"https:\/\/rs-technic.eu\/#organization\"},\"potentialAction\":[{\"@type\":\"SearchAction\",\"target\":{\"@type\":\"EntryPoint\",\"urlTemplate\":\"https:\/\/rs-technic.eu\/?s={search_term_string}\"},\"query-input\":\"required name=search_term_string\"}],\"inLanguage\":\"de\"},{\"@type\":\"Organization\",\"@id\":\"https:\/\/rs-technic.eu\/#organization\",\"name\":\"RS-Technic\",\"url\":\"https:\/\/rs-technic.eu\/\",\"logo\":{\"@type\":\"ImageObject\",\"inLanguage\":\"de\",\"@id\":\"https:\/\/rs-technic.eu\/#\/schema\/logo\/image\/\",\"url\":\"https:\/\/rs-technic.eu\/wp-content\/uploads\/2024\/02\/logo-uprava.png\",\"contentUrl\":\"https:\/\/rs-technic.eu\/wp-content\/uploads\/2024\/02\/logo-uprava.png\",\"width\":522,\"height\":376,\"caption\":\"RS-Technic\"},\"image\":{\"@id\":\"https:\/\/rs-technic.eu\/#\/schema\/logo\/image\/\"},\"sameAs\":[\"https:\/\/www.facebook.com\/profile.php?id=61556431889875\",\"https:\/\/www.linkedin.com\/in\/rastislav-sodoma-5911582b2\/\",\"https:\/\/www.linkedin.com\/company\/100564327\"]}]}<\/script>\n<!-- \/ Yoast SEO plugin. -->","yoast_head_json":{"title":"\u00dcber uns - RS-Technic","robots":{"index":"index","follow":"follow","max-snippet":"max-snippet:-1","max-image-preview":"max-image-preview:large","max-video-preview":"max-video-preview:-1"},"canonical":"https:\/\/rs-technic.eu\/de\/o-nas\/","og_locale":"de_DE","og_type":"article","og_title":"\u00dcber uns - RS-Technic","og_url":"https:\/\/rs-technic.eu\/de\/o-nas\/","og_site_name":"RS-Technic","article_publisher":"https:\/\/www.facebook.com\/profile.php?id=61556431889875","article_modified_time":"2024-02-15T08:33:47+00:00","og_image":[{"url":"https:\/\/rs-technic.eu\/wp-content\/uploads\/2024\/02\/footer-1-scaled.jpg"}],"twitter_card":"summary_large_image","twitter_misc":{"Gesch\u00e4tzte Lesezeit":"25\u00a0Minuten"},"schema":{"@context":"https:\/\/schema.org","@graph":[{"@type":"WebPage","@id":"https:\/\/rs-technic.eu\/de\/o-nas\/","url":"https:\/\/rs-technic.eu\/de\/o-nas\/","name":"\u00dcber uns - RS-Technic","isPartOf":{"@id":"https:\/\/rs-technic.eu\/#website"},"datePublished":"2024-02-09T04:09:24+00:00","dateModified":"2024-02-15T08:33:47+00:00","breadcrumb":{"@id":"https:\/\/rs-technic.eu\/de\/o-nas\/#breadcrumb"},"inLanguage":"de","potentialAction":[{"@type":"ReadAction","target":["https:\/\/rs-technic.eu\/de\/o-nas\/"]}]},{"@type":"BreadcrumbList","@id":"https:\/\/rs-technic.eu\/de\/o-nas\/#breadcrumb","itemListElement":[{"@type":"ListItem","position":1,"name":"Domovsk\u00e1 str\u00e1nka","item":"https:\/\/rs-technic.eu\/de\/home\/"},{"@type":"ListItem","position":2,"name":"\u00dcber uns"}]},{"@type":"WebSite","@id":"https:\/\/rs-technic.eu\/#website","url":"https:\/\/rs-technic.eu\/","name":"RS-Technic","description":"","publisher":{"@id":"https:\/\/rs-technic.eu\/#organization"},"potentialAction":[{"@type":"SearchAction","target":{"@type":"EntryPoint","urlTemplate":"https:\/\/rs-technic.eu\/?s={search_term_string}"},"query-input":"required name=search_term_string"}],"inLanguage":"de"},{"@type":"Organization","@id":"https:\/\/rs-technic.eu\/#organization","name":"RS-Technic","url":"https:\/\/rs-technic.eu\/","logo":{"@type":"ImageObject","inLanguage":"de","@id":"https:\/\/rs-technic.eu\/#\/schema\/logo\/image\/","url":"https:\/\/rs-technic.eu\/wp-content\/uploads\/2024\/02\/logo-uprava.png","contentUrl":"https:\/\/rs-technic.eu\/wp-content\/uploads\/2024\/02\/logo-uprava.png","width":522,"height":376,"caption":"RS-Technic"},"image":{"@id":"https:\/\/rs-technic.eu\/#\/schema\/logo\/image\/"},"sameAs":["https:\/\/www.facebook.com\/profile.php?id=61556431889875","https:\/\/www.linkedin.com\/in\/rastislav-sodoma-5911582b2\/","https:\/\/www.linkedin.com\/company\/100564327"]}]}},"_links":{"self":[{"href":"https:\/\/rs-technic.eu\/de\/wp-json\/wp\/v2\/pages\/156","targetHints":{"allow":["GET"]}}],"collection":[{"href":"https:\/\/rs-technic.eu\/de\/wp-json\/wp\/v2\/pages"}],"about":[{"href":"https:\/\/rs-technic.eu\/de\/wp-json\/wp\/v2\/types\/page"}],"author":[{"embeddable":true,"href":"https:\/\/rs-technic.eu\/de\/wp-json\/wp\/v2\/users\/1"}],"replies":[{"embeddable":true,"href":"https:\/\/rs-technic.eu\/de\/wp-json\/wp\/v2\/comments?post=156"}],"version-history":[{"count":3,"href":"https:\/\/rs-technic.eu\/de\/wp-json\/wp\/v2\/pages\/156\/revisions"}],"predecessor-version":[{"id":172,"href":"https:\/\/rs-technic.eu\/de\/wp-json\/wp\/v2\/pages\/156\/revisions\/172"}],"wp:attachment":[{"href":"https:\/\/rs-technic.eu\/de\/wp-json\/wp\/v2\/media?parent=156"}],"curies":[{"name":"wp","href":"https:\/\/api.w.org\/{rel}","templated":true}]}}